{"id":17,"date":"2018-09-07T11:15:13","date_gmt":"2018-09-07T10:15:13","guid":{"rendered":"https:\/\/skasd.net\/?page_id=17"},"modified":"2018-09-12T16:15:54","modified_gmt":"2018-09-12T15:15:54","slug":"comunidades","status":"publish","type":"page","link":"https:\/\/skasd.net\/es\/comunidades\/","title":{"rendered":"Comunidades"},"content":{"rendered":"<p>Esta red de investigaci\u00f3n trabajar\u00e1 directamente con varios pueblos ind\u00edgenas en el noreste de Brasil (los pueblos Pankararu, Xok\u00f3, Kariri-Xoc\u00f3, Karapot\u00f3 Plak-\u00f4, Tupinamb\u00e1 de Oliven\u00e7a, Patax\u00f3 H\u00e3h\u00e3h\u00e3e, Patax\u00f3 da Aldeia Dois Irm\u00e3os, Patax\u00f3 da Aldeia Trambuco, y Imbor\u00e9 Camacan da Aldeia do Cachimbo) y en el suroeste de Colombia (principalmente el pueblo Nasa).<\/p>\n<p>La red tambi\u00e9n buscar\u00e1 atraer a activistas y miembros de otras comunidades en Brasil y Colombia, y de otros pa\u00edses en Am\u00e9rica Latina donde el discurso de sumak kawsay se ha desarrollado m\u00e1s extensamente, por ejemplo, Bolivia y Ecuador.<\/p>\n<p>La agenda de investigaci\u00f3n a ser abordada a trav\u00e9s de la red es oportuna e importante para toda la humanidad. Por lo tanto, anticipamos que miembros de la sociedad dominante con una preocupaci\u00f3n por el medio ambiente, la sostenibilidad y el bienestar de la comunidad, tanto en Am\u00e9rica Latina como en el Reino Unido, se beneficiar\u00e1n de la participaci\u00f3n en este proyecto.<\/p>\n<p>Nuestros socios del proyecto en Brasil y Colombia, la ONG <a href=\"http:\/\/www.thydewa.org\/\">Thyd\u00eaw\u00e1<\/a> y la iniciativa de comunicaci\u00f3n-acci\u00f3n <a href=\"https:\/\/pueblosencamino.org\/\">Pueblos en Camino<\/a>, facilitar\u00e1n el trabajo con las comunidades ind\u00edgenas. Estas organizaciones tambi\u00e9n permitir\u00e1n que la red llegue a un p\u00fablico m\u00e1s amplio en Am\u00e9rica Latina, tanto ind\u00edgena como no-ind\u00edgena, marginalizado y dominante, a trav\u00e9s de sus propias redes de contactos.<\/p>\n<p>En el Reino Unido, nuestro objetivo es abrir un debate sobre el tema del \u00abvivir bien\u00bb con grupos comunitarios locales y ramas de organizaciones nacionales relevantes como seguimiento de los eventos celebrados en Leeds y Bristol.<\/p>\n<p>P\u00f3ngase en contacto si desea participar en las actividades de divulgaci\u00f3n de la red.<\/p>\n","protected":false},"excerpt":{"rendered":"<p>Esta red de investigaci\u00f3n trabajar\u00e1 directamente con varios pueblos ind\u00edgenas en el noreste de Brasil (los pueblos Pankararu, Xok\u00f3, Kariri-Xoc\u00f3, Karapot\u00f3 Plak-\u00f4, Tupinamb\u00e1 de Oliven\u00e7a, Patax\u00f3 H\u00e3h\u00e3h\u00e3e, Patax\u00f3 da Aldeia Dois Irm\u00e3os, Patax\u00f3 da Aldeia Trambuco, y Imbor\u00e9 Camacan da Aldeia do Cachimbo) y en el suroeste de Colombia (principalmente el pueblo Nasa). La red &#8230; <a title=\"Comunidades\" class=\"read-more\" href=\"https:\/\/skasd.net\/es\/comunidades\/\" aria-label=\"Leer m\u00e1s sobre Comunidades\">Leer m\u00e1s<\/a><\/p>\n","protected":false},"author":139,"featured_media":0,"parent":0,"menu_order":12,"comment_status":"closed","ping_status":"closed","template":"","meta":{"_acf_changed":false,"inline_featured_image":false,"footnotes":""},"class_list":["post-17","page","type-page","status-publish"],"acf":[],"_links":{"self":[{"href":"https:\/\/skasd.net\/es\/wp-json\/wp\/v2\/pages\/17","targetHints":{"allow":["GET"]}}],"collection":[{"href":"https:\/\/skasd.net\/es\/wp-json\/wp\/v2\/pages"}],"about":[{"href":"https:\/\/skasd.net\/es\/wp-json\/wp\/v2\/types\/page"}],"author":[{"embeddable":true,"href":"https:\/\/skasd.net\/es\/wp-json\/wp\/v2\/users\/139"}],"replies":[{"embeddable":true,"href":"https:\/\/skasd.net\/es\/wp-json\/wp\/v2\/comments?post=17"}],"version-history":[{"count":0,"href":"https:\/\/skasd.net\/es\/wp-json\/wp\/v2\/pages\/17\/revisions"}],"wp:attachment":[{"href":"https:\/\/skasd.net\/es\/wp-json\/wp\/v2\/media?parent=17"}],"curies":[{"name":"wp","href":"https:\/\/api.w.org\/{rel}","templated":true}]}}