{"id":26,"date":"2018-09-07T11:27:45","date_gmt":"2018-09-07T10:27:45","guid":{"rendered":"https:\/\/skasd.net\/?page_id=26"},"modified":"2018-11-25T12:24:17","modified_gmt":"2018-11-25T12:24:17","slug":"quienes-somos","status":"publish","type":"page","link":"https:\/\/skasd.net\/es\/quienes-somos\/","title":{"rendered":"\u00bfQui\u00e9nes somos?"},"content":{"rendered":"<p>Nuestra red est\u00e1 compuesta de:<\/p>\n<p><strong>Socio del proyecto en Brasil<\/strong>: la ONG Thyd\u00eaw\u00e1, <a href=\"http:\/\/thydewa.org\/\">http:\/\/thydewa.org\/<\/a>, que trabaja junto con comunidades ind\u00edgenas para el di\u00e1logo intercultural y la regeneraci\u00f3n social en Bah\u00eda. Contacto principal: Sebasti\u00e1n Gerlic. Equipo coordenador del proyecto: Maria Pankararu, Nhenety Kariri-Xoc\u00f3 and Anna Campagnac.<\/p>\n<p><strong>Socio del proyecto en Colombia:<\/strong> la iniciativa de comunicaci\u00f3n-acci\u00f3n Pueblos en Camino, <a href=\"http:\/\/pueblosencamino.org\/\">http:\/\/pueblosencamino.org\/<\/a>, que trabaja junto con comunidades ind\u00edgenas y otros activistas para encontrar alternativas al desarrollo en el Cauca.<\/p>\n<p><strong>Equipo acad\u00e9mico en el Reino Unido:<\/strong> Investigadora Principal, Thea Pitman, University of Leeds; y Co-Investigador, Matthew Brown, University of Bristol.<\/p>\n<p><strong>Equipo acad\u00e9mico en Brasil:<\/strong> Co-Investigador, Giuseppe Cocco, con apoyo organizacional de Carolina Salam\u00e3o, Universidade Federal do Rio de Janeiro.<\/p>\n<p><strong>Equipo acad\u00e9mico en Colombia:\u00a0<\/strong>Co-Investigador, Jorge Mauricio Escobar Sarria, junto con Ismael Cardozo y M\u00f3nica Valencia, Universidad Aut\u00f3noma de Occidente, Cali.<\/p>\n<p><strong>Coordinadora de proyecto en el Reino Unido:<\/strong> Dra. Anni Raw, University of Leeds.<\/p>\n<p><strong>Mentora acad\u00e9mica del proyecto en el Reino Unido:<\/strong> Dra. Polly Wilding, University of Leeds.<\/p>\n<p>Nuestro <strong>Grupo Directivo<\/strong> se compone de los cuatro miembros acad\u00e9micos, los contactos principales de cada socio del proyecto, la coordinadora del proyecto en el Reino Unido y la mentora acad\u00e9mica del proyecto.<\/p>\n<p>Tambi\u00e9n tenemos un <strong>Comit\u00e9 de \u00c9tica<\/strong> para abordar cuestiones \u00e9ticas relevantes donde sea necesario. Esto se compone de los siguientes miembros:<\/p>\n<p><strong>En Brasil:<\/strong> Potyra T\u00ea Tupinamb\u00e1, May\u00e1 Patax\u00f3-H\u00e3 H\u00e3 H\u00e3e, Dra. Gra\u00e7a Gra\u00fana (Universidade Federal de Pernambuco)<\/p>\n<p><strong>En Colombia:<\/strong> A confirmar.<\/p>\n","protected":false},"excerpt":{"rendered":"<p>Nuestra red est\u00e1 compuesta de: Socio del proyecto en Brasil: la ONG Thyd\u00eaw\u00e1, http:\/\/thydewa.org\/, que trabaja junto con comunidades ind\u00edgenas para el di\u00e1logo intercultural y la regeneraci\u00f3n social en Bah\u00eda. Contacto principal: Sebasti\u00e1n Gerlic. Equipo coordenador del proyecto: Maria Pankararu, Nhenety Kariri-Xoc\u00f3 and Anna Campagnac. Socio del proyecto en Colombia: la iniciativa de comunicaci\u00f3n-acci\u00f3n Pueblos &#8230; <a title=\"\u00bfQui\u00e9nes somos?\" class=\"read-more\" href=\"https:\/\/skasd.net\/es\/quienes-somos\/\" aria-label=\"Leer m\u00e1s sobre \u00bfQui\u00e9nes somos?\">Leer m\u00e1s<\/a><\/p>\n","protected":false},"author":139,"featured_media":0,"parent":0,"menu_order":26,"comment_status":"closed","ping_status":"closed","template":"","meta":{"_acf_changed":false,"inline_featured_image":false,"footnotes":""},"class_list":["post-26","page","type-page","status-publish"],"acf":[],"_links":{"self":[{"href":"https:\/\/skasd.net\/es\/wp-json\/wp\/v2\/pages\/26","targetHints":{"allow":["GET"]}}],"collection":[{"href":"https:\/\/skasd.net\/es\/wp-json\/wp\/v2\/pages"}],"about":[{"href":"https:\/\/skasd.net\/es\/wp-json\/wp\/v2\/types\/page"}],"author":[{"embeddable":true,"href":"https:\/\/skasd.net\/es\/wp-json\/wp\/v2\/users\/139"}],"replies":[{"embeddable":true,"href":"https:\/\/skasd.net\/es\/wp-json\/wp\/v2\/comments?post=26"}],"version-history":[{"count":0,"href":"https:\/\/skasd.net\/es\/wp-json\/wp\/v2\/pages\/26\/revisions"}],"wp:attachment":[{"href":"https:\/\/skasd.net\/es\/wp-json\/wp\/v2\/media?parent=26"}],"curies":[{"name":"wp","href":"https:\/\/api.w.org\/{rel}","templated":true}]}}