{"id":29,"date":"2018-09-07T11:34:10","date_gmt":"2018-09-07T10:34:10","guid":{"rendered":"https:\/\/skasd.net\/resources\/"},"modified":"2018-12-31T15:24:43","modified_gmt":"2018-12-31T15:24:43","slug":"resources","status":"publish","type":"page","link":"https:\/\/skasd.net\/es\/resources\/","title":{"rendered":"Recursos"},"content":{"rendered":"<h3>Materiales accesibles:<\/h3>\n<p>Rivero Cuadrado, Marcos. 2018. <a href=\"https:\/\/www.elsaltodiario.com\/opinion\/quemar-los-objetivos-de-desarrollo-social-para-abonar-una-nueva-agenda-comun-global?fbclid=IwAR24Nf16y1Ik3Dr-v0tsLSo-jYEBLLBZ7_htwoJ2DhLmJJRcMVBheRm7yC4\">&#8216;Quemar los Objetivos de Desarrollo Sostenible para abonar una nueva agenda com\u00fan global&#8217;<\/a>, <em>El Salto<\/em>, 21 de noviembre.<\/p>\n<p>ZAB. 2018. <a href=\"https:\/\/www.noticiasfides.com\/economia\/segun-indigena-ecuatoriana-el-34vivir-bien-34-sirvio-para-expropiar-territorios-en-la-amazonia-392138\">&#8216;Seg\u00fan ind\u00edgena ecuatoriana, el \u00abvivir bien\u00bb sirvi\u00f3 para expropiar territorios en la Amazon\u00eda&#8217;<\/a>, <em>Agencia de Noticias Fides<\/em>, 17 de octubre.<\/p>\n<p>Rodr\u00edguez Salazar, Adriana. <em>Filosof\u00eda del buen vivir<\/em>, website, <a href=\"http:\/\/filosofiadelbuenvivir.com\/buen-vivir\/\">http<em>:\/\/<\/em>filosofiadelbuenvivir.com\/buen-vivir\/<\/a>.<\/p>\n<p>Gudynas, Eduardo. 2011. <a href=\"https:\/\/www.alainet.org\/es\/active\/48052\">\u2018Buen vivir: germinando alternativas al desarrollo\u2019<\/a>. <em>America Latina en Movimiento<\/em>, 462.<\/p>\n<h3>Trabajos acad\u00e9micos:<\/h3>\n<p><em>Escobar, Arturo. 2018. Otro posible es posible: Caminando hacia las transiciones desde Abya Yala\/Afro\/Latino-Am\u00e9rica<\/em>. Bogot\u00e1: Desde Abajo.<\/p>\n<p>Eschenhagen, Mar\u00eda Luisa, y Carlos Eduardo Maldonado, eds. 2018. <em>Epistemolog\u00edas del Sur para genrinar alternativas al desarrollo: debate entre Enrique Leff, Carlos Maldonado y Horacio Machado<\/em>. Bogot\u00e1: Universidad del Rosario y Universidad Pontif\u00edcia Bolivariana.<\/p>\n<p>Garzillo, Josefina. 2017. <a href=\"http:\/\/sedici.unlp.edu.ar\/bitstream\/handle\/10915\/62536\/Documento_completo.pdf?sequence=1\">\u2018Cambiar el paradigma: horizonte del buen vivir para dejar atr\u00e1s el extractivismo\u2019<\/a>. Questi\u00f3n, 1:54, 73-82.<\/p>\n<p>\u00c1vila Santamar\u00eda, Ramiro. 2017. <a href=\"http:\/\/www.scielo.br\/pdf\/rdp\/v8n4\/2179-8966-rdp-8-4-2962.pdf\">&#8216;El sumak kawsay, el Yasun\u00ed, y los pueblos en aislamiento: \u00bfalternativa al desarrollo capitalista?&#8217;<\/a>, <em>Revista Direito e Pr\u00e1xis<\/em>, 8:4, 2962-88.<\/p>\n<p>Arteaga-Cruz, Erica Lorena. 2017.<a href=\"https:\/\/www.redalyc.org\/articulo.oa?id=406353329020\"> &#8216;Buen vivir (sumak kawsay): definiciones, cr\u00edtica e implicaciones en la planificaci\u00f3n del desarrollo en Ecuador&#8217;<\/a>, <em>Sa\u00fade em Debate<\/em>, 41:114, 907-19.<\/p>\n<p>Escobar, Arturo. 2016. <em><a href=\"http:\/\/www.maestriadesarrollo.com\/sites\/default\/files\/publicaciones\/autonomia-y-diseno-arturo-escobar-ok.pdf\">Autonom\u00eda y dise\u00f1o: La realizaci\u00f3n de lo comunal<\/a>. Trad. Crist\u00f3bal Gnecco. Popay\u00e1n: Universidad del Cauca. <\/em><\/p>\n<p>Jim\u00e9nez Idrovo,\u00a0\u00cdtalo, and Cira Fern\u00e1ndez Espinosa. 2016. <a href=\"http:\/\/entornogeografico.com\/index.php\/EntornoGeografico\/article\/view\/126\">&#8216;Los problemas del sumak kawsay: comprensi\u00f3n cultural y ejecuci\u00f3n pol\u00edtica&#8217;<\/a>, <em>Entorno Geogr\u00e1fico<\/em>, 12, 24-33.<\/p>\n<p>Schavelzon, Salvador. 2015. <em><a href=\"http:\/\/biblioteca.clacso.edu.ar\/clacso\/se\/20160202103454\/Plurinacionalidad.pdf\">Plurinacionalidad y Vivir Bien\/Buen Vivir: Dos conceptos le\u00eddos desde Bolivia y Ecuador post-constituyentes<\/a><\/em>. Quito: Abya-Yala; Buenos Aires: CLACSO.<\/p>\n<p>Vanhulst, Julien. 2015. <a href=\"https:\/\/journals.openedition.org\/polis\/10727\">\u2018El laberinto de los discursos del Buen Vivir: entre Sumak Kawsay y Socialismo del siglo XXI\u2019<\/a>, <em>Polis: Revista Latinoamericana<\/em>, 40.<\/p>\n<p>\u00c1ngel, Adriana, y Alejandro Barranquero. 2015. <a href=\"http:\/\/revistas.javeriana.edu.co\/index.php\/univhumanistica\/article\/view\/11207\/11888\">\u2018Mapa de objetos y perspectivas en comunicaci\u00f3n para el desarrollo y cambio social\u2019<\/a>. <em>Universitas Human\u00edstica<\/em>, 81, 91-118.<\/p>\n<p>FLOK Society, David Vila-Vi\u00f1as y Xabier E. Barandiaran, eds. 2015. <em><a href=\"http:\/\/book.floksociety.org\">Buen conocer: modelos sostenibles y pol\u00edticas p\u00fablicas para una econom\u00eda social del conocimiento com\u00fan y abierto en Ecuador<\/a><\/em>.<\/p>\n<p><em>Escobar, Arturo. 2014. Sentipensar con la Tierra: nuevas lecturas sobre desarrollo, territorio y diferencia. <\/em>Medell\u00edn: UNAULA.<\/p>\n<p>Hidalgo, Antonio Luis, Alejandro Guill\u00e9n y Nancy Deleg, eds. 2014. <em><a href=\"http:\/\/base.socioeco.org\/docs\/libro_sumak.pdf\">Antolog\u00eda del pensamiento indigenista ecuatoriano sobre Sumak Kawsay: Sumak Kawsay Yuyay<\/a>. <\/em>Huelva: Centro de Investigaci\u00f3n en Migraciones, Universidad de Huelva; Cuenca, Programa Interdisciplinario de Poblaci\u00f3n y Desarrollo Local Sustentable, Universidad de Cuenca.<\/p>\n<p>Espinoza, \u00d3scar, y Luisa Elvira Belaunde. 2014<em>. <a href=\"https:\/\/centroderecursos.cultura.pe\/sites\/default\/files\/rb\/pdf\/IndigenismosciudadaniasNuevasmiradas.pdf\">\u00bfIndigenismos, ciudadan\u00edas? Nuevas miradas<\/a>.<\/em> Lima: Ministerio de Cultura.<\/p>\n<p>Ceballos Rosero, Franco Alirio. 2014. <a href=\"https:\/\/aprendeenlinea.udea.edu.co\/revistas\/index.php\/boletin\/article\/download\/20390\/17192\">\u2018Aproximaciones a los derechos de la naturaleza y el buen vivir desde los pueblos originarios en Colombia: retos frente a los desaf\u00edos ambientales del siglo XXI\u2019<\/a>. <em>Bolet\u00edn de Antropolog\u00eda<\/em>, 29:47, 159-78.<\/p>\n<p>Cadavid, Amparo, y Alfonso Gumucio Dagr\u00f3n, eds. 2014. <em><a href=\"https:\/\/docs.google.com\/viewer?a=v&amp;pid=sites&amp;srcid=ZGVmYXVsdGRvbWFpbnxhbXBhcml0b3dlYnxneDo2NzAzOWQ1Yzc4OTFhNmI1\">Pensar desde la experiencia: comunicaci\u00f3n participativa en el cambio social<\/a><\/em>. Bogot\u00e1: Uniminuto.<\/p>\n<p>Mora\u00f1a, Mabel. 2014. \u2018Geopol\u00edticas del saber, transmodernidad y buen vivir\u2019. En Mabel Mora\u00f1a, <em>Inscripciones cr\u00edticas: ensayos sobre cultura latinoamericana<\/em>. Santiago: Cuarto Propio, p\u00e1gs. 289-327.<\/p>\n<p>Acosta, Alberto. 2013. <em>El Buen Vivir: Sumak Kawsay, una oportunidad para imaginar otros mundos<\/em>. Barcelona: Icaria.<\/p>\n<p>Le Quang, Matthieu, y Tamia Vercout\u00e9re. 2013. <em><a href=\"https:\/\/www.fuhem.es\/media\/cdv\/file\/biblioteca\/analisis\/buen_vivir\/ecosocialismo_y_buen_vivir_le_quang_vercoutere.pdf\">Ecosocialismo y Buen Vivir: di\u00e1logo entre dos alternativas al capitalismo<\/a>. <\/em>Quito: Instituto de Altos Estudios Nacionales.<\/p>\n<p>Quijano, An\u00edbal. 2012. \u2018Bien vivir: entre el \u201cdesarrollo\u201d y la \u201cdes\/colonialidad\u201d del poder\u2019. <em>Viento Sur<\/em>, 122, 46-56. <a href=\"https:\/\/www.vientosur.info\/IMG\/pdf\/VS122_A_Quijano_Bienvivir---.pdf\">https:\/\/www.vientosur.info\/IMG\/pdf\/VS122_A_Quijano_Bienvivir&#8212;.pdf<\/a><\/p>\n<p>Guill\u00e9n Garc\u00eda, Alejandro, y Mauricio Phel\u00e1n Casanova, eds. 2012. <em><a href=\"https:\/\/www.researchgate.net\/publication\/274389564_CONSTRUYENDO_EL_BUEN_VIVIR_libro?enrichId=rgreq-5da2ebf7-e558-470d-ab11-049fcab40d01&amp;enrichSource=Y292ZXJQYWdlOzI3NDM4OTU2NDtBUzoyMTQxNzYxODczMjY0NjRAMTQyODA3NDk5MDUyOQ%3D%3D&amp;el=1_x_2\">Construyendo el Buen Vivir<\/a>. <\/em>Cuenca: PYDLOS.<\/p>\n<p>Farah, Ivonne, y Luciano Vasapollo, eds. 2011. <em><a href=\"http:\/\/base.socioeco.org\/docs\/2010_20cides_20bolivia_20vivir_20bien_20paradigma_20no_20capitalista.pdf\">Vivir bien, \u00bfparadigma no capitalista?<\/a> <\/em>La Paz: Universidad Mayor de San Andr\u00e9s (CIDES-UMSA); Roma: Departamento de Econom\u00eda de la Universidad de Roma La Sapienza.<\/p>\n<p>\u00c1ngel Botero, Adriana, y Rafael Obreg\u00f3n. 2011. <a href=\"http:\/\/revistas.javeriana.edu.co\/index.php\/signoypensamiento\/article\/view\/2474\">\u2018Un an\u00e1lisis cr\u00edtico de las perspectivas de di\u00e1logo en la literatura sobre comunicaci\u00f3n para el desarrollo y cambio social: abordajes y desaf\u00edos\u2019<\/a>. <em>Signo y Pensamiento, <\/em>30: 58, 190-205.<\/p>\n<p>Guill\u00e9n Garc\u00eda, Alejandro, <em>et al<\/em>. 2010. <em><a href=\"http:\/\/dspace.ucuenca.edu.ec\/bitstream\/123456789\/21747\/2\/Libro%20Retos%20del%20Buen%20Vivir.pdf\">Retos del Buen Vivir: democracia, movilidad humana y territorio<\/a><\/em>. Cuenca: PYDLOS, Universidad de Cuenca.<\/p>\n<p>Acosta, Alberto. 2010. <a href=\"https:\/\/www.fuhem.es\/media\/cdv\/file\/biblioteca\/Analisis\/Buen_vivir\/Buen_vivir_posdesarrollo_A._Acosta.pdf\">\u2018El buen vivir en el camino de post-desarrollo. Una lectura desde la constituci\u00f3n de Montecristi\u2019<\/a>. Friedrich Ebert Stiftung. Policy Paper 9.<\/p>\n<p>Herrera, \u00c1lvaro, y Sonia Uruburu. 2009. <a href=\"https:\/\/www.researchgate.net\/publication\/287846336_Teorias_enfoques_y_estrategias_de_desarrollo_el_papel_de_la_comunicacion_en_el_cambio_social_Estado_del_arte_de_la_investigacion_en_comunicacion_y_desarrollo_en_Colombia_2002-2006\">\u2018Teor\u00edas, enfoques y estrategias de desarrollo: el papel de la comunicaci\u00f3n en el cambio social\u2019<\/a>. <em>Hallazgos<\/em>, 6:12, 111-46.<\/p>\n<p>Agencia Latinoamericana de Informaci\u00f3n, eds. 2008. <a href=\"https:\/\/www.alainet.org\/sites\/default\/files\/RRNNw.pdf\"><em>Territorios y recursos naturales: el saqueo versus el buen vivir<\/em><\/a>. Quito: Broederlijk Delen y ALAI.<\/p>\n","protected":false},"excerpt":{"rendered":"<p>Materiales accesibles: Rivero Cuadrado, Marcos. 2018. &#8216;Quemar los Objetivos de Desarrollo Sostenible para abonar una nueva agenda com\u00fan global&#8217;, El Salto, 21 de noviembre. ZAB. 2018. &#8216;Seg\u00fan ind\u00edgena ecuatoriana, el \u00abvivir bien\u00bb sirvi\u00f3 para expropiar territorios en la Amazon\u00eda&#8217;, Agencia de Noticias Fides, 17 de octubre. Rodr\u00edguez Salazar, Adriana. Filosof\u00eda del buen vivir, website, http:\/\/filosofiadelbuenvivir.com\/buen-vivir\/. &#8230; <a title=\"Recursos\" class=\"read-more\" href=\"https:\/\/skasd.net\/es\/resources\/\" aria-label=\"Leer m\u00e1s sobre Recursos\">Leer m\u00e1s<\/a><\/p>\n","protected":false},"author":139,"featured_media":0,"parent":0,"menu_order":19,"comment_status":"closed","ping_status":"closed","template":"","meta":{"_acf_changed":false,"inline_featured_image":false,"footnotes":""},"class_list":["post-29","page","type-page","status-publish"],"acf":[],"_links":{"self":[{"href":"https:\/\/skasd.net\/es\/wp-json\/wp\/v2\/pages\/29","targetHints":{"allow":["GET"]}}],"collection":[{"href":"https:\/\/skasd.net\/es\/wp-json\/wp\/v2\/pages"}],"about":[{"href":"https:\/\/skasd.net\/es\/wp-json\/wp\/v2\/types\/page"}],"author":[{"embeddable":true,"href":"https:\/\/skasd.net\/es\/wp-json\/wp\/v2\/users\/139"}],"replies":[{"embeddable":true,"href":"https:\/\/skasd.net\/es\/wp-json\/wp\/v2\/comments?post=29"}],"version-history":[{"count":0,"href":"https:\/\/skasd.net\/es\/wp-json\/wp\/v2\/pages\/29\/revisions"}],"wp:attachment":[{"href":"https:\/\/skasd.net\/es\/wp-json\/wp\/v2\/media?parent=29"}],"curies":[{"name":"wp","href":"https:\/\/api.w.org\/{rel}","templated":true}]}}