{"id":36,"date":"2018-09-07T11:46:43","date_gmt":"2018-09-07T10:46:43","guid":{"rendered":"https:\/\/skasd.net\/?page_id=36"},"modified":"2018-09-12T12:39:48","modified_gmt":"2018-09-12T11:39:48","slug":"inicio","status":"publish","type":"page","link":"https:\/\/skasd.net\/es\/","title":{"rendered":"Inicio"},"content":{"rendered":"<p>Esta red de investigaci\u00f3n explora la intersecci\u00f3n entre el discurso del desarrollo sostenible como se ve en los Objetivos de Desarrollo Sostenible (ODS) y los discursos latinoamericanos de origen ind\u00edgena de \u00abvivir bien\u00bb o \u201cbuen vivir\u201d. Su objetivo es ser cr\u00edtico con ambos discursos y trabajar con comunidades ind\u00edgenas en el noreste de Brasil y el sudoeste de Colombia para explorar formas de mejorar ambos a medida que imaginan el futuro que quieren tener.<\/p>\n<p>La red est\u00e1 dirigida por la Dra. Thea Pitman (University of Leeds) y re\u00fane a acad\u00e9micos de otras tres instituciones (Prof. Jorge Mauricio Escobar Sarria, Universidad Aut\u00f3noma de Occidente, Cali, Prof. Giuseppe Cocco, Universidade Federal do Rio de Janeiro, Prof. Matthew Brown, University of Bristol), as\u00ed como la ONG brasile\u00f1a, Thyd\u00eaw\u00e1 (Sebasti\u00e1n Gerlic, Nhenety Kariri-Xoc\u00f3 y Dra. Maria Pankararu) y la iniciativa de comunicaci\u00f3n-acci\u00f3n colombiana Pueblos en Camino.<\/p>\n<p>La red de investigaci\u00f3n est\u00e1 generosamente financiada por el Arts and Humanities Research Council [Consejo de Investigaci\u00f3n de Artes y Humanidades] a trav\u00e9s del \u201cGlobal Challenges Research Fund\u201d.<\/p>\n","protected":false},"excerpt":{"rendered":"<p>Esta red de investigaci\u00f3n explora la intersecci\u00f3n entre el discurso del desarrollo sostenible como se ve en los Objetivos de Desarrollo Sostenible (ODS) y los discursos latinoamericanos de origen ind\u00edgena de \u00abvivir bien\u00bb o \u201cbuen vivir\u201d. Su objetivo es ser cr\u00edtico con ambos discursos y trabajar con comunidades ind\u00edgenas en el noreste de Brasil y &#8230; <a title=\"Inicio\" class=\"read-more\" href=\"https:\/\/skasd.net\/es\/\" aria-label=\"Leer m\u00e1s sobre Inicio\">Leer m\u00e1s<\/a><\/p>\n","protected":false},"author":139,"featured_media":0,"parent":0,"menu_order":6,"comment_status":"closed","ping_status":"closed","template":"","meta":{"_acf_changed":false,"inline_featured_image":false,"footnotes":""},"class_list":["post-36","page","type-page","status-publish"],"acf":[],"_links":{"self":[{"href":"https:\/\/skasd.net\/es\/wp-json\/wp\/v2\/pages\/36","targetHints":{"allow":["GET"]}}],"collection":[{"href":"https:\/\/skasd.net\/es\/wp-json\/wp\/v2\/pages"}],"about":[{"href":"https:\/\/skasd.net\/es\/wp-json\/wp\/v2\/types\/page"}],"author":[{"embeddable":true,"href":"https:\/\/skasd.net\/es\/wp-json\/wp\/v2\/users\/139"}],"replies":[{"embeddable":true,"href":"https:\/\/skasd.net\/es\/wp-json\/wp\/v2\/comments?post=36"}],"version-history":[{"count":0,"href":"https:\/\/skasd.net\/es\/wp-json\/wp\/v2\/pages\/36\/revisions"}],"wp:attachment":[{"href":"https:\/\/skasd.net\/es\/wp-json\/wp\/v2\/media?parent=36"}],"curies":[{"name":"wp","href":"https:\/\/api.w.org\/{rel}","templated":true}]}}