{"id":19,"date":"2018-09-07T11:17:59","date_gmt":"2018-09-07T10:17:59","guid":{"rendered":"https:\/\/skasd.net\/?page_id=19"},"modified":"2018-12-31T13:17:02","modified_gmt":"2018-12-31T13:17:02","slug":"atividades-e-resultados","status":"publish","type":"page","link":"https:\/\/skasd.net\/pt-br\/atividades-e-resultados\/","title":{"rendered":"Atividades"},"content":{"rendered":"<h2>Atividades<\/h2>\n<p>A rede de pesquisa vai de novembro de 2017 a dezembro de 2018.<\/p>\n<p>A rede foi lan\u00e7ada em Leeds no The Carriageworks Theatre em 14 de novembro de 2017.<\/p>\n<p>Reuni\u00f5es de planejamento inicial foram realizadas com diferentes combina\u00e7\u00f5es de membros da rede em Leeds (novembro de 2017 e abril de 2018), OIiven\u00e7a de Ih\u00e9us, Bahia (janeiro de 2018), Barcelona (maio de 2018) e via Skype com outros membros da rede.<\/p>\n<h3>Fase 1:<\/h3>\n<p>As atividades da rede de pesquisa s\u00e3o baseadas em trabalho cont\u00ednuo dentro das comunidades ind\u00edgenas para explorar o tema abordado. Este trabalho \u00e9 liderado pelos coordenadores do projeto no Brasil (Nhenety Kariri-Xoc\u00f3 e Maria Pankararu, em nome de Thyd\u00eaw\u00e1) e na Col\u00f4mbia (uma representante de Pueblos en Camino). As atividades ocorrer\u00e3o de maio a agosto de 2018. A \u00eanfase geral na proposta de trabalho na comunidade busca garantir que os participantes ind\u00edgenas da rede continuem a ser o eixo intelectual do projeto.<\/p>\n<p><img loading=\"lazy\" decoding=\"async\" class=\"alignnone size-large wp-image-65\" src=\"https:\/\/skasd.net\/wp-content\/uploads\/sites\/36\/2018\/09\/SKSD-Group-work-in-Nasa-Resguardo-Corinto-May-2018-1024x576.jpg\" alt=\"\" width=\"1024\" height=\"576\" srcset=\"https:\/\/skasd.net\/wp-content\/uploads\/sites\/36\/2018\/09\/SKSD-Group-work-in-Nasa-Resguardo-Corinto-May-2018-1024x576.jpg 1024w, https:\/\/skasd.net\/wp-content\/uploads\/sites\/36\/2018\/09\/SKSD-Group-work-in-Nasa-Resguardo-Corinto-May-2018-300x169.jpg 300w, https:\/\/skasd.net\/wp-content\/uploads\/sites\/36\/2018\/09\/SKSD-Group-work-in-Nasa-Resguardo-Corinto-May-2018-768x432.jpg 768w, https:\/\/skasd.net\/wp-content\/uploads\/sites\/36\/2018\/09\/SKSD-Group-work-in-Nasa-Resguardo-Corinto-May-2018.jpg 1280w\" sizes=\"auto, (max-width: 1024px) 100vw, 1024px\" \/><\/p>\n<h3>Fase 2:<\/h3>\n<p>Buscaremos superar as divis\u00f5es acad\u00eamicas \/ terceiro setor \/ pesquisa de base por meio de tr\u00eas eventos internacionais no Brasil, na Col\u00f4mbia e no Reino Unido, que envolver\u00e3o o maior n\u00famero poss\u00edvel de membros da rede. Ao mesmo tempo, tamb\u00e9m tentaremos aumentar a conscientiza\u00e7\u00e3o sobre a quest\u00e3o entre os membros do p\u00fablico em geral que t\u00eam interesse em ambientalismo e justi\u00e7a social.<\/p>\n<p>Setembro de 2018: evento no Rio, organizado pela Universidade Federal do Rio de Janeiro.<\/p>\n<p>Outubro de 2018: Evento na Col\u00f4mbia, organizado pela Universidad Aut\u00f3noma de Occidente e Pueblos en Camino.<\/p>\n<p>Novembro de 2018: eventos de pesquisa e divulga\u00e7\u00e3o em Leeds, organizados pela University of Leeds. Haver\u00e1 tamb\u00e9m uma apresenta\u00e7\u00e3o adicional do trabalho da rede de pesquisa no Goldsmiths College, University of Londres.<\/p>\n<p>Dezembro de 2018: evento de divulga\u00e7\u00e3o organizado pela University of Bristol.<\/p>\n<p><img loading=\"lazy\" decoding=\"async\" class=\"alignnone size-large wp-image-62\" src=\"https:\/\/skasd.net\/wp-content\/uploads\/sites\/36\/2018\/09\/SKSD-Encontro-mayo-2018-Brasil-1024x576.jpg\" alt=\"\" width=\"1024\" height=\"576\" srcset=\"https:\/\/skasd.net\/wp-content\/uploads\/sites\/36\/2018\/09\/SKSD-Encontro-mayo-2018-Brasil-1024x576.jpg 1024w, https:\/\/skasd.net\/wp-content\/uploads\/sites\/36\/2018\/09\/SKSD-Encontro-mayo-2018-Brasil-300x169.jpg 300w, https:\/\/skasd.net\/wp-content\/uploads\/sites\/36\/2018\/09\/SKSD-Encontro-mayo-2018-Brasil-768x432.jpg 768w\" sizes=\"auto, (max-width: 1024px) 100vw, 1024px\" \/><\/p>\n<h2>Resultados<\/h2>\n<p>Este site tem uma p\u00e1gina especial onde combinamos os materiais gerados pelas atividades nas comunidades, em especial respostas mais criativas ao tema, junto com outros materias mais acad\u00eamicos. Desta forma, esperamos encontrar uma forma mais igualit\u00e1ria e multi-voz de expressar as ideias que saem da rede. Procuramos posicionar esse recurso digital como um ponto de refer\u00eancia para outras comunidades ind\u00edgenas e marginalizadas na Am\u00e9rica Latina.<\/p>\n<p>A rede tamb\u00e9m publicar\u00e1 seus resultados em uma edi\u00e7\u00e3o especial de uma revista acad\u00eamica.<\/p>\n","protected":false},"excerpt":{"rendered":"<p>Atividades A rede de pesquisa vai de novembro de 2017 a dezembro de 2018. A rede foi lan\u00e7ada em Leeds no The Carriageworks Theatre em 14 de novembro de 2017. Reuni\u00f5es de planejamento inicial foram realizadas com diferentes combina\u00e7\u00f5es de membros da rede em Leeds (novembro de 2017 e abril de 2018), OIiven\u00e7a de Ih\u00e9us, &#8230; <a title=\"Atividades\" class=\"read-more\" href=\"https:\/\/skasd.net\/pt-br\/atividades-e-resultados\/\" aria-label=\"Read more about Atividades\">Ler mais<\/a><\/p>\n","protected":false},"author":139,"featured_media":0,"parent":0,"menu_order":21,"comment_status":"closed","ping_status":"closed","template":"","meta":{"_acf_changed":false,"inline_featured_image":false,"footnotes":""},"class_list":["post-19","page","type-page","status-publish"],"acf":[],"_links":{"self":[{"href":"https:\/\/skasd.net\/pt-br\/wp-json\/wp\/v2\/pages\/19","targetHints":{"allow":["GET"]}}],"collection":[{"href":"https:\/\/skasd.net\/pt-br\/wp-json\/wp\/v2\/pages"}],"about":[{"href":"https:\/\/skasd.net\/pt-br\/wp-json\/wp\/v2\/types\/page"}],"author":[{"embeddable":true,"href":"https:\/\/skasd.net\/pt-br\/wp-json\/wp\/v2\/users\/139"}],"replies":[{"embeddable":true,"href":"https:\/\/skasd.net\/pt-br\/wp-json\/wp\/v2\/comments?post=19"}],"version-history":[{"count":0,"href":"https:\/\/skasd.net\/pt-br\/wp-json\/wp\/v2\/pages\/19\/revisions"}],"wp:attachment":[{"href":"https:\/\/skasd.net\/pt-br\/wp-json\/wp\/v2\/media?parent=19"}],"curies":[{"name":"wp","href":"https:\/\/api.w.org\/{rel}","templated":true}]}}