{"id":25,"date":"2018-09-07T11:26:44","date_gmt":"2018-09-07T10:26:44","guid":{"rendered":"https:\/\/skasd.net\/?page_id=25"},"modified":"2018-11-25T12:24:01","modified_gmt":"2018-11-25T12:24:01","slug":"quem-somos","status":"publish","type":"page","link":"https:\/\/skasd.net\/pt-br\/quem-somos\/","title":{"rendered":"Quem somos?"},"content":{"rendered":"<p>Nossa rede \u00e9 composta por:<\/p>\n<p><strong>Parceiro brasileiro do projeto: <\/strong>a ONG Thyd\u00eaw\u00e1, <a href=\"http:\/\/thydewa.org\/\">http:\/\/thydewa.org\/<\/a>, trabalhando em conjunto com comunidades ind\u00edgenas para o di\u00e1logo intercultural e a regenera\u00e7\u00e3o social na Bahia. Contato principal: Sebasti\u00e1n Gerlic. Equipe coordenadora do projeto: Dra Maria Pankararu, Nhenety Kariri-Xoc\u00f3 e Anna Campagnac.<\/p>\n<p><strong>Parceiro colombiano do projeto:<\/strong> a iniciativa de comunica\u00e7\u00e3o-a\u00e7\u00e3o Pueblos en Camino, <a href=\"http:\/\/pueblosencamino.org\/\">http:\/\/pueblosencamino.org\/<\/a>, trabalhando em conjunto com comunidades ind\u00edgenas e outros ativistas para encontrar alternativas para o desenvolvimento no Cauca.<\/p>\n<p><strong>Equipe acad\u00eamica no Reino Unido:<\/strong> Pesquisadora Principal, Thea Pitman, University of Leeds; e Co-Pesquisador, Matthew Brown, University of Bristol.<\/p>\n<p><strong>Equipe acad\u00eamica no Brasil:<\/strong> Co-Pesquisador, Giuseppe Cocco, com apoio organizacional de Carolina Salam\u00e3o, Universidade Federal do Rio de Janeiro.<\/p>\n<p><strong>Equipe acad\u00eamica na Col\u00f4mbia: <\/strong>Co-Pesquisador, Jorge Mauricio Escobar Sarria, trabalhando em conjunto com Ismael Cardozo e M\u00f3nica Valencia, Universidad Aut\u00f3noma de Occidente, Cali.<\/p>\n<p><strong>Coordenadora do projeto no Reino Unido:<\/strong> Dra. Anni Raw, University of Leeds.<\/p>\n<p><strong>Mentora acad\u00eamica do projeto no Reino Unido:<\/strong> Dra. Polly Wilding, University of Leeds.<\/p>\n<p>Nosso <strong>Grupo de Gerenciamento<\/strong> \u00e9 formado pelos quatro membros acad\u00eamicos, os principais contatos de cada parceiro de projeto, a coordenadora do projeto no Reino Unido e a mentora acad\u00eamica do projeto.<\/p>\n<p>Tamb\u00e9m temos um <strong>Comit\u00ea de \u00c9tica<\/strong> para tratar de quest\u00f5es \u00e9ticas relevantes, quando necess\u00e1rio. Esta \u00e9 composta pelos seguintes membros:<\/p>\n<p><strong>No Brasil:<\/strong> Potyra T\u00ea Tupinamb\u00e1, May\u00e1 Patax\u00f3-H\u00e3 H\u00e3 H\u00e3e, Dra. Gra\u00e7a Gra\u00fana (Universidade Federal de Pernambuco)<\/p>\n<p><strong>Na Col\u00f4mbia:<\/strong> A confirmar<\/p>\n","protected":false},"excerpt":{"rendered":"<p>Nossa rede \u00e9 composta por: Parceiro brasileiro do projeto: a ONG Thyd\u00eaw\u00e1, http:\/\/thydewa.org\/, trabalhando em conjunto com comunidades ind\u00edgenas para o di\u00e1logo intercultural e a regenera\u00e7\u00e3o social na Bahia. Contato principal: Sebasti\u00e1n Gerlic. Equipe coordenadora do projeto: Dra Maria Pankararu, Nhenety Kariri-Xoc\u00f3 e Anna Campagnac. Parceiro colombiano do projeto: a iniciativa de comunica\u00e7\u00e3o-a\u00e7\u00e3o Pueblos en &#8230; <a title=\"Quem somos?\" class=\"read-more\" href=\"https:\/\/skasd.net\/pt-br\/quem-somos\/\" aria-label=\"Read more about Quem somos?\">Ler mais<\/a><\/p>\n","protected":false},"author":139,"featured_media":0,"parent":0,"menu_order":28,"comment_status":"closed","ping_status":"closed","template":"","meta":{"_acf_changed":false,"inline_featured_image":false,"footnotes":""},"class_list":["post-25","page","type-page","status-publish"],"acf":[],"_links":{"self":[{"href":"https:\/\/skasd.net\/pt-br\/wp-json\/wp\/v2\/pages\/25","targetHints":{"allow":["GET"]}}],"collection":[{"href":"https:\/\/skasd.net\/pt-br\/wp-json\/wp\/v2\/pages"}],"about":[{"href":"https:\/\/skasd.net\/pt-br\/wp-json\/wp\/v2\/types\/page"}],"author":[{"embeddable":true,"href":"https:\/\/skasd.net\/pt-br\/wp-json\/wp\/v2\/users\/139"}],"replies":[{"embeddable":true,"href":"https:\/\/skasd.net\/pt-br\/wp-json\/wp\/v2\/comments?post=25"}],"version-history":[{"count":0,"href":"https:\/\/skasd.net\/pt-br\/wp-json\/wp\/v2\/pages\/25\/revisions"}],"wp:attachment":[{"href":"https:\/\/skasd.net\/pt-br\/wp-json\/wp\/v2\/media?parent=25"}],"curies":[{"name":"wp","href":"https:\/\/api.w.org\/{rel}","templated":true}]}}