{"id":30,"date":"2018-09-07T11:37:04","date_gmt":"2018-09-07T10:37:04","guid":{"rendered":"https:\/\/skasd.net\/?page_id=30"},"modified":"2018-12-31T14:42:36","modified_gmt":"2018-12-31T14:42:36","slug":"recursos","status":"publish","type":"page","link":"https:\/\/skasd.net\/pt-br\/recursos\/","title":{"rendered":"Recursos"},"content":{"rendered":"<h3>Materiais acess\u00edveis:<\/h3>\n<p>\u00c1vila, Thiago e Sabrina Fernandes. 2018. <a href=\"https:\/\/subverta.org\/2018\/11\/06\/resistencia-e-bem-viver\/\">&#8216;Construindo uma alternativa de transforma\u00e7\u00e3o no Brasil e no mundo&#8217;<\/a>, <em>Subverta: Colectivo Ecossocialista e Libert\u00e1rio<\/em>, 6 de novembro.<\/p>\n<p>ONU Brasil, 2018, <a href=\"https:\/\/nacoesunidas.org\/indigenas-estao-sendo-assassinados-em-nome-do-desenvolvimento-alerta-relatora-onu\/\">&#8216;Ind\u00edgenas est\u00e3o sendo assassinados em nome do &#8220;desenvolvimento&#8221;, alerta relatora da ONU&#8217;<\/a>, v\u00eddeo, 5 de septembro.<\/p>\n<p>Goethe Institut, 2016, <a href=\"http:\/\/www.goethe.de\/ins\/br\/lp\/prj\/eps\/epd\/pt15153498.htm\">\u2018Bem viver o viver bem\u2019<\/a>, <em>Epis\u00f3dios do Sul<\/em>, texto e v\u00eddeo,<\/p>\n<p>Bonin, Iara. 2015. <a href=\"https:\/\/www.cimi.org.br\/pub\/Porantim\/2015\/Encarte_Porantim381_dez2016.pdf\">\u2018O bem viver ind\u00edgena e o futuro da humanidade\u2019<\/a>, <em>Porantim \u2013 Encarte Pedag\u00f3gico<\/em>, 10.<\/p>\n<p>Simone Liberato, Rita. 2012. <em><a href=\"https:\/\/www.youtube.com\/watch?v=AJnmLrxNdg4\">Aldeia Cinta Vermelha-Jundiba faz travessia buscando o bem-viver<\/a><\/em><em>.<\/em> YouTube v\u00eddeo, 12 de julho.<\/p>\n<h3>Trabalhos acad\u00eamicos:<\/h3>\n<p>Schlemer Alc\u00e2ntara, Liliane Cristine, &amp; Carlos Alberto Cioce Sampaio. 2017. <a href=\"http:\/\/anpur.org.br\/xviienanpur\/principal\/publicacoes\/XVII.ENANPUR_Anais\/ST_Sessoes_Tematicas\/ST%204\/ST%204.8\/ST%204.8-15.pdf\">\u2018Bem viver: (de)coloniza\u00e7\u00e3o como processo de resist\u00eancia das comunidades ind\u00edgenas\u2019<\/a>, XVII Enanpur.<\/p>\n<p>Suess, Paulo. 2017. <a href=\"http:\/\/faje.edu.br\/simposio2017\/arquivos\/seminarios\/O%20bem%20viver%20dos%20povos%20indigenas%20Paulo%20Suess.pdf\">\u2018O bem viver dos povos ind\u00edgenas: Cr\u00edtica sist\u00eamatica e proposta alternativa para um mundo p\u00f3s capitalista\u2019<\/a>, XIII Simp\u00f3sio internacional \u2018Em Busca do bem comum\u2019,<\/p>\n<p><strong>\u00a0<\/strong>Iser Assessoria. 2011. <a href=\"http:\/\/www.iserassessoria.org.br\/novo\/arqsupload\/184.doc\">\u2018Dossi\u00ea bem-viver: Textos e artigos publicados ou repercutidos por http:\/\/www.unisinos.br\/ihu\/\u2019.<\/a><\/p>\n<p><strong>\u00a0<\/strong>Chamorro, Graciela. Sem data. <a href=\"http:\/\/cebivirtual.com.br\/ava\/arquivos\/FT1-M1.pdf\">\u2018O bem viver nos povos ind\u00edgenas\u2019<\/a>, CEBI Virtual.<\/p>\n","protected":false},"excerpt":{"rendered":"<p>Materiais acess\u00edveis: \u00c1vila, Thiago e Sabrina Fernandes. 2018. &#8216;Construindo uma alternativa de transforma\u00e7\u00e3o no Brasil e no mundo&#8217;, Subverta: Colectivo Ecossocialista e Libert\u00e1rio, 6 de novembro. ONU Brasil, 2018, &#8216;Ind\u00edgenas est\u00e3o sendo assassinados em nome do &#8220;desenvolvimento&#8221;, alerta relatora da ONU&#8217;, v\u00eddeo, 5 de septembro. Goethe Institut, 2016, \u2018Bem viver o viver bem\u2019, Epis\u00f3dios do &#8230; <a title=\"Recursos\" class=\"read-more\" href=\"https:\/\/skasd.net\/pt-br\/recursos\/\" aria-label=\"Read more about Recursos\">Ler mais<\/a><\/p>\n","protected":false},"author":139,"featured_media":0,"parent":0,"menu_order":19,"comment_status":"closed","ping_status":"closed","template":"","meta":{"_acf_changed":false,"inline_featured_image":false,"footnotes":""},"class_list":["post-30","page","type-page","status-publish"],"acf":[],"_links":{"self":[{"href":"https:\/\/skasd.net\/pt-br\/wp-json\/wp\/v2\/pages\/30","targetHints":{"allow":["GET"]}}],"collection":[{"href":"https:\/\/skasd.net\/pt-br\/wp-json\/wp\/v2\/pages"}],"about":[{"href":"https:\/\/skasd.net\/pt-br\/wp-json\/wp\/v2\/types\/page"}],"author":[{"embeddable":true,"href":"https:\/\/skasd.net\/pt-br\/wp-json\/wp\/v2\/users\/139"}],"replies":[{"embeddable":true,"href":"https:\/\/skasd.net\/pt-br\/wp-json\/wp\/v2\/comments?post=30"}],"version-history":[{"count":0,"href":"https:\/\/skasd.net\/pt-br\/wp-json\/wp\/v2\/pages\/30\/revisions"}],"wp:attachment":[{"href":"https:\/\/skasd.net\/pt-br\/wp-json\/wp\/v2\/media?parent=30"}],"curies":[{"name":"wp","href":"https:\/\/api.w.org\/{rel}","templated":true}]}}